{"id":7,"date":"2014-04-28T17:33:09","date_gmt":"2014-04-28T15:33:09","guid":{"rendered":"http:\/\/www.gutowskiwernecke.de\/new\/?page_id=7"},"modified":"2014-05-09T12:57:49","modified_gmt":"2014-05-09T10:57:49","slug":"kontakt","status":"publish","type":"page","link":"http:\/\/www.gutowskiwernecke.de\/?page_id=7","title":{"rendered":"Kontakt"},"content":{"rendered":"<p>Harry Gutowski:<br \/>\nwww.gumaudiomedia.de<br \/>\ninfo[at]gumaudiomedia.de<\/p>\n<p>HARRY GUTOWSKI startet seine professionelle Musikerkarriere als S\u00e4nger,Gitarrist und Komponist der 70er Jahre Kultband &#8220;DUESENBERG&#8221;. Deutscher Schallplattenpreis 1980 Deutsche Rockmusik (DUESENBERG) Mehrere Soloalben u.a. f\u00fcr Polydor ,Metronome &amp; Line Records (Larry&amp;The Movers) Produzent \/ Komponist mehrerer Hits mit nationalen K\u00fcnstlern (u.a.Frl.Menke,WITT,Juliane Werding, Felix deLuxe, Domenica uva.)<br \/>\nGold Award fur die Mitwirkung &#8220;Silberblick&#8221;-Joachim Witt 2009<br \/>\nTitel-und Illustrationsmusiken f\u00fcr \u00fcber 50 Kindersoftware- CD-RoMs mit weltweiten Ver\u00f6ffentlichungen (darunter Peanuts, Sendung mit der Maus,TKKG und Was ist was?, Max) mit zahlreichen Auszeichnungen (u.a. Deutscher Kindersoftwarepreis 2006)<br \/>\nLangj\u00e4hrige T\u00e4tigkeit als Musikredakteur sowie Komponist &amp; Produzent erfolgreicher Musikdesigns &#8211; unter anderem SAT.1- Sport. (&#8220;ran&#8221; , &#8220;ranissimo&#8221; uvm.) Ver\u00f6ffentlichung zahlreicher Produktions Musik-CD&#8217;s u.a.f\u00fcr Selected Sound (EMI), SONOTON, Non Stop (WARNER), etc.<br \/>\nProduzent und Komponist der Offiziellen Bundesliga Hymne f\u00fcr den Deutschen Fussball Bund. Musikdesign \/ Titelmusiken (u.a. Titelmusik &#8220;Anne Will&#8221;, Tele 5 ) f\u00fcr viele nationale TV-Stationen (ARD,ZDF,DSF,TELE 5)<br \/>\nTitel und Illustrationsmusiken u.a.&#8221;MACHTERGREIFUNG&#8221; ,ZDF-Dreiteiler (Guido Knopp)2009 sowie div.Sportrechte-Vermarkter.<br \/>\nLabelchef \/ Management von PRIMADONNA PRODUCTIONS (u.a.WITT.Leichtmatrose) und GuM audio (u.a. Frl.Menke\/Dreier) Gr\u00fcnder von GuM audio.media Publishing,Hamburg<\/p>\n<hr \/>\n<p>Axel Wernecke:<br \/>\nwww.axelmedia.de<br \/>\ninfo[at]axelmedia.de<\/p>\n<p>AXEL WERNECKE arbeitete nach seinem Musikstudium und dem Toningenieurstudium von 1993 bis 2000 in den Boogie Park Studios Hamburg als Produzent und Toningenieur. Beteiligung an zahlreichen nationalen und internationalen Produktionen wie Udo Lindenberg, die Prinzen (Gold und Platin f\u00fcr \u201eAlles nur geklaut\u201c), Lucilectric, Randy Crawford, McSar&amp;Real McCoy, Nsync, Brandy, Scooter, Ich&amp;Ich, Debelah Morgan, ARD Sportschau uvm.<br \/>\nAls Toningenieur Aufnahmen mit dem NDR Sinfonieorchester, Ensemble Resonanz, Lang Lang, Hillary Hahn, Mischa Maisky, Thomas Hampson uvm.<\/p>\n<p>Mit Harry Gutowski Titel- und Illustrationsmusiken f\u00fcr Kindersoftware (Peanuts, Was ist Was?, Rabe Socke uvm).<br \/>\nMusikdesign \/ Titelmusiken (u.a. Titelmusik &#8220;Anne Will&#8221;, Tele 5 ) f\u00fcr viele nationale TV-Stationen (ARD,ZDF,DSF,TELE 5)<br \/>\nTitel und Illustrationsmusiken u.a.&#8221;MACHTERGREIFUNG&#8221; ,ZDF-Dreiteiler (Guido Knopp)2009 und \u201eWir Reiseweltmeister\u201c (ARD). Fernsehmusik f\u00fcr EMI, WARNER und SONOTON.<\/p>\n","protected":false},"excerpt":{"rendered":"<p>Harry Gutowski: www.gumaudiomedia.de info[at]gumaudiomedia.de HARRY GUTOWSKI startet seine professionelle Musikerkarriere als S\u00e4nger,Gitarrist und Komponist der 70er Jahre Kultband &#8220;DUESENBERG&#8221;. Deutscher Schallplattenpreis 1980 Deutsche Rockmusik (DUESENBERG) Mehrere Soloalben u.a. f\u00fcr Polydor ,Metronome &amp; Line Records (Larry&amp;The Movers) Produzent \/ Komponist mehrerer Hits mit nationalen K\u00fcnstlern (u.a.Frl.Menke,WITT,Juliane Werding, Felix deLuxe, Domenica uva.) Gold Award fur die Mitwirkung &hellip; <a href=\"http:\/\/www.gutowskiwernecke.de\/?page_id=7\" class=\"more-link\">Continue reading <span class=\"screen-reader-text\">Kontakt<\/span> <span class=\"meta-nav\">&rarr;<\/span><\/a><\/p>\n","protected":false},"author":1,"featured_media":26,"parent":0,"menu_order":0,"comment_status":"closed","ping_status":"open","template":"","meta":[],"_links":{"self":[{"href":"http:\/\/www.gutowskiwernecke.de\/index.php?rest_route=\/wp\/v2\/pages\/7"}],"collection":[{"href":"http:\/\/www.gutowskiwernecke.de\/index.php?rest_route=\/wp\/v2\/pages"}],"about":[{"href":"http:\/\/www.gutowskiwernecke.de\/index.php?rest_route=\/wp\/v2\/types\/page"}],"author":[{"embeddable":true,"href":"http:\/\/www.gutowskiwernecke.de\/index.php?rest_route=\/wp\/v2\/users\/1"}],"replies":[{"embeddable":true,"href":"http:\/\/www.gutowskiwernecke.de\/index.php?rest_route=%2Fwp%2Fv2%2Fcomments&post=7"}],"version-history":[{"count":5,"href":"http:\/\/www.gutowskiwernecke.de\/index.php?rest_route=\/wp\/v2\/pages\/7\/revisions"}],"predecessor-version":[{"id":37,"href":"http:\/\/www.gutowskiwernecke.de\/index.php?rest_route=\/wp\/v2\/pages\/7\/revisions\/37"}],"wp:featuredmedia":[{"embeddable":true,"href":"http:\/\/www.gutowskiwernecke.de\/index.php?rest_route=\/wp\/v2\/media\/26"}],"wp:attachment":[{"href":"http:\/\/www.gutowskiwernecke.de\/index.php?rest_route=%2Fwp%2Fv2%2Fmedia&parent=7"}],"curies":[{"name":"wp","href":"https:\/\/api.w.org\/{rel}","templated":true}]}}